{"id":27,"date":"2024-11-04T17:50:03","date_gmt":"2024-11-04T16:50:03","guid":{"rendered":"https:\/\/fo-dagstuhl.cs.uni-saarland.de\/?page_id=27"},"modified":"2024-11-04T17:50:03","modified_gmt":"2024-11-04T16:50:03","slug":"verein-zur-foerderung-von-schloss-dagstuhl-leibniz-zentrum-fuer-informatik-e-v","status":"publish","type":"page","link":"https:\/\/friends-of-dagstuhl.de\/?page_id=27","title":{"rendered":"Verein zur F\u00f6rderung von Schlo\u00df Dagstuhl &#8211; Leibniz-Zentrum f\u00fcr Informatik e.V."},"content":{"rendered":"<p>Hier ensteht die Seite des Vereins zur F\u00f6rderung vom Schlo\u00df Dagstuhl &#8211; Leibniz-Zentrum f\u00fcr Informatik e.V.<\/p>\n<p>&nbsp;<\/p>\n","protected":false},"excerpt":{"rendered":"<p>Hier ensteht die Seite des Vereins zur F\u00f6rderung vom Schlo\u00df Dagstuhl &#8211; Leibniz-Zentrum f\u00fcr Informatik e.V. &nbsp;<\/p>\n","protected":false},"author":2,"featured_media":0,"parent":0,"menu_order":0,"comment_status":"closed","ping_status":"open","template":"","meta":{"footnotes":""},"class_list":["post-27","page","type-page","status-publish","hentry"],"_links":{"self":[{"href":"https:\/\/friends-of-dagstuhl.de\/index.php?rest_route=\/wp\/v2\/pages\/27","targetHints":{"allow":["GET"]}}],"collection":[{"href":"https:\/\/friends-of-dagstuhl.de\/index.php?rest_route=\/wp\/v2\/pages"}],"about":[{"href":"https:\/\/friends-of-dagstuhl.de\/index.php?rest_route=\/wp\/v2\/types\/page"}],"author":[{"embeddable":true,"href":"https:\/\/friends-of-dagstuhl.de\/index.php?rest_route=\/wp\/v2\/users\/2"}],"replies":[{"embeddable":true,"href":"https:\/\/friends-of-dagstuhl.de\/index.php?rest_route=%2Fwp%2Fv2%2Fcomments&post=27"}],"version-history":[{"count":4,"href":"https:\/\/friends-of-dagstuhl.de\/index.php?rest_route=\/wp\/v2\/pages\/27\/revisions"}],"predecessor-version":[{"id":31,"href":"https:\/\/friends-of-dagstuhl.de\/index.php?rest_route=\/wp\/v2\/pages\/27\/revisions\/31"}],"wp:attachment":[{"href":"https:\/\/friends-of-dagstuhl.de\/index.php?rest_route=%2Fwp%2Fv2%2Fmedia&parent=27"}],"curies":[{"name":"wp","href":"https:\/\/api.w.org\/{rel}","templated":true}]}}