{"id":36,"date":"2014-12-11T15:28:29","date_gmt":"2014-12-11T14:28:29","guid":{"rendered":"https:\/\/fo-dagstuhl.cs.uni-saarland.de\/?page_id=36"},"modified":"2025-11-04T09:33:17","modified_gmt":"2025-11-04T08:33:17","slug":"home","status":"publish","type":"page","link":"https:\/\/friends-of-dagstuhl.de\/?page_id=36","title":{"rendered":"&#8222;Friends of Dagstuhl&#8220;"},"content":{"rendered":"<p class=\"bodytext\">Der <em>Verein zur F\u00f6rderung von Schloss Dagstuhl &#8211; Leibniz-Zentrum f\u00fcr Informatik e.V.\u00a0<\/em> (oder etwas k\u00fcrzer: <em>Friends of Dagstuhl<\/em>) engagiert sich f\u00fcr die F\u00f6rderung von Wissenschaft und Forschung in <a href=\"https:\/\/www.dagstuhl.de\/de\/\">Schloss Dagstuhl &#8211; Leibniz-Zentrum f\u00fcr Informatik<\/a>. Der Verein verwaltet au\u00dferdem treuh\u00e4nderisch das Verm\u00f6gen der <em>Stiftung Informatik-Zentrum Schloss Dagstuhl<\/em>.<\/p>\n<p class=\"bodytext\">Die Gemeinn\u00fctzigkeit wurde vom Finanzamt Merzig anerkannt.<\/p>\n<p class=\"bodytext\">\u00a0<a href=\"https:\/\/friends-of-dagstuhl.de\/?attachment_id=208\">Werden Sie Mitglied!<\/a><\/p>\n\n\n<p><\/p>\n","protected":false},"excerpt":{"rendered":"<p>Der Verein zur F\u00f6rderung von Schloss Dagstuhl &#8211; Leibniz-Zentrum f\u00fcr Informatik e.V.\u00a0 (oder etwas k\u00fcrzer: Friends of Dagstuhl) engagiert sich f\u00fcr die F\u00f6rderung von Wissenschaft und Forschung in Schloss Dagstuhl &#8211; Leibniz-Zentrum f\u00fcr Informatik. Der Verein verwaltet au\u00dferdem treuh\u00e4nderisch das Verm\u00f6gen der Stiftung Informatik-Zentrum Schloss Dagstuhl. Die Gemeinn\u00fctzigkeit wurde vom Finanzamt Merzig anerkannt. \u00a0Werden Sie &hellip; <a href=\"https:\/\/friends-of-dagstuhl.de\/?page_id=36\" class=\"more-link\"><span class=\"screen-reader-text\">&#8222;Friends of Dagstuhl&#8220;<\/span> weiterlesen <span class=\"meta-nav\">&rarr;<\/span><\/a><\/p>\n","protected":false},"author":1,"featured_media":0,"parent":0,"menu_order":0,"comment_status":"closed","ping_status":"open","template":"","meta":{"footnotes":""},"class_list":["post-36","page","type-page","status-publish","hentry"],"_links":{"self":[{"href":"https:\/\/friends-of-dagstuhl.de\/index.php?rest_route=\/wp\/v2\/pages\/36","targetHints":{"allow":["GET"]}}],"collection":[{"href":"https:\/\/friends-of-dagstuhl.de\/index.php?rest_route=\/wp\/v2\/pages"}],"about":[{"href":"https:\/\/friends-of-dagstuhl.de\/index.php?rest_route=\/wp\/v2\/types\/page"}],"author":[{"embeddable":true,"href":"https:\/\/friends-of-dagstuhl.de\/index.php?rest_route=\/wp\/v2\/users\/1"}],"replies":[{"embeddable":true,"href":"https:\/\/friends-of-dagstuhl.de\/index.php?rest_route=%2Fwp%2Fv2%2Fcomments&post=36"}],"version-history":[{"count":16,"href":"https:\/\/friends-of-dagstuhl.de\/index.php?rest_route=\/wp\/v2\/pages\/36\/revisions"}],"predecessor-version":[{"id":219,"href":"https:\/\/friends-of-dagstuhl.de\/index.php?rest_route=\/wp\/v2\/pages\/36\/revisions\/219"}],"wp:attachment":[{"href":"https:\/\/friends-of-dagstuhl.de\/index.php?rest_route=%2Fwp%2Fv2%2Fmedia&parent=36"}],"curies":[{"name":"wp","href":"https:\/\/api.w.org\/{rel}","templated":true}]}}